{"id":21550,"date":"2021-09-15T16:01:53","date_gmt":"2021-09-15T19:01:53","guid":{"rendered":"https:\/\/unifoximoveis.com.br\/?page_id=21550"},"modified":"2022-02-07T14:20:33","modified_gmt":"2022-02-07T17:20:33","slug":"equipe","status":"publish","type":"page","link":"https:\/\/unifoximoveis.com.br\/?page_id=21550","title":{"rendered":"Equipe"},"content":{"rendered":"\t\t<div data-elementor-type=\"wp-page\" data-elementor-id=\"21550\" class=\"elementor elementor-21550\" data-elementor-settings=\"[]\">\n\t\t\t\t\t\t\t<div class=\"elementor-section-wrap\">\n\t\t\t\t\t\t\t<section class=\"elementor-section elementor-top-section elementor-element elementor-element-cfbfea5 elementor-section-boxed elementor-section-height-default elementor-section-height-default elementor-invisible\" data-id=\"cfbfea5\" data-element_type=\"section\" data-settings=\"{&quot;animation&quot;:&quot;slideInLeft&quot;}\">\n\t\t\t\t\t\t<div class=\"elementor-container elementor-column-gap-default\">\n\t\t\t\t\t<div class=\"elementor-column elementor-col-50 elementor-top-column elementor-element elementor-element-039d8d9\" data-id=\"039d8d9\" data-element_type=\"column\">\n\t\t\t<div class=\"elementor-widget-wrap elementor-element-populated\">\n\t\t\t\t\t\t\t\t<div class=\"elementor-element elementor-element-6c4a681 elementor-widget elementor-widget-image\" data-id=\"6c4a681\" data-element_type=\"widget\" data-widget_type=\"image.default\">\n\t\t\t\t<div class=\"elementor-widget-container\">\n\t\t\t\t\t\t\t\t\t\t\t\t<figure class=\"wp-caption\">\n\t\t\t\t\t\t\t\t\t\t<img loading=\"lazy\" decoding=\"async\" width=\"615\" height=\"616\" src=\"https:\/\/unifoximoveis.com.br\/wp-content\/uploads\/2021\/09\/rogerio.jpg\" class=\"attachment-large size-large\" alt=\"\" srcset=\"https:\/\/unifoximoveis.com.br\/wp-content\/uploads\/2021\/09\/rogerio.jpg 615w, https:\/\/unifoximoveis.com.br\/wp-content\/uploads\/2021\/09\/rogerio-300x300.jpg 300w, https:\/\/unifoximoveis.com.br\/wp-content\/uploads\/2021\/09\/rogerio-150x150.jpg 150w, https:\/\/unifoximoveis.com.br\/wp-content\/uploads\/2021\/09\/rogerio-120x120.jpg 120w, https:\/\/unifoximoveis.com.br\/wp-content\/uploads\/2021\/09\/rogerio-45x45.jpg 45w, https:\/\/unifoximoveis.com.br\/wp-content\/uploads\/2021\/09\/rogerio-36x36.jpg 36w\" sizes=\"(max-width: 615px) 100vw, 615px\" \/>\t\t\t\t\t\t\t\t\t\t\t<figcaption class=\"widget-image-caption wp-caption-text\">Rog\u00e9rio Cardoso - Diretor <\/br>CRECI - RS 15.824 - CNAI 34888<\/figcaption>\n\t\t\t\t\t\t\t\t\t\t<\/figure>\n\t\t\t\t\t\t\t\t\t<\/div>\n\t\t\t\t<\/div>\n\t\t\t\t\t<\/div>\n\t\t<\/div>\n\t\t\t\t<div class=\"elementor-column elementor-col-50 elementor-top-column elementor-element elementor-element-65f2415\" data-id=\"65f2415\" data-element_type=\"column\">\n\t\t\t<div class=\"elementor-widget-wrap elementor-element-populated\">\n\t\t\t\t\t\t\t\t<div class=\"elementor-element elementor-element-05f2cbe elementor-widget elementor-widget-image\" data-id=\"05f2cbe\" data-element_type=\"widget\" data-widget_type=\"image.default\">\n\t\t\t\t<div class=\"elementor-widget-container\">\n\t\t\t\t\t\t\t\t\t\t\t\t<figure class=\"wp-caption\">\n\t\t\t\t\t\t\t\t\t\t<img loading=\"lazy\" decoding=\"async\" width=\"609\" height=\"607\" src=\"https:\/\/unifoximoveis.com.br\/wp-content\/uploads\/2021\/09\/elias.jpg\" class=\"attachment-large size-large\" alt=\"\" srcset=\"https:\/\/unifoximoveis.com.br\/wp-content\/uploads\/2021\/09\/elias.jpg 609w, https:\/\/unifoximoveis.com.br\/wp-content\/uploads\/2021\/09\/elias-300x300.jpg 300w, https:\/\/unifoximoveis.com.br\/wp-content\/uploads\/2021\/09\/elias-150x150.jpg 150w, https:\/\/unifoximoveis.com.br\/wp-content\/uploads\/2021\/09\/elias-120x120.jpg 120w, https:\/\/unifoximoveis.com.br\/wp-content\/uploads\/2021\/09\/elias-45x45.jpg 45w, https:\/\/unifoximoveis.com.br\/wp-content\/uploads\/2021\/09\/elias-36x36.jpg 36w\" sizes=\"(max-width: 609px) 100vw, 609px\" \/>\t\t\t\t\t\t\t\t\t\t\t<figcaption class=\"widget-image-caption wp-caption-text\">Elias Flores \u2013 Diretor <\/br> CRECI -RS 53.515 - OAB-RS 22.047<\/figcaption>\n\t\t\t\t\t\t\t\t\t\t<\/figure>\n\t\t\t\t\t\t\t\t\t<\/div>\n\t\t\t\t<\/div>\n\t\t\t\t\t<\/div>\n\t\t<\/div>\n\t\t\t\t\t\t\t<\/div>\n\t\t<\/section>\n\t\t\t\t<section class=\"elementor-section elementor-top-section elementor-element elementor-element-da8196d elementor-section-boxed elementor-section-height-default elementor-section-height-default elementor-invisible\" data-id=\"da8196d\" data-element_type=\"section\" data-settings=\"{&quot;animation&quot;:&quot;slideInRight&quot;}\">\n\t\t\t\t\t\t<div class=\"elementor-container elementor-column-gap-default\">\n\t\t\t\t\t<div class=\"elementor-column elementor-col-50 elementor-top-column elementor-element elementor-element-37246dc\" data-id=\"37246dc\" data-element_type=\"column\">\n\t\t\t<div class=\"elementor-widget-wrap elementor-element-populated\">\n\t\t\t\t\t\t\t\t<div class=\"elementor-element elementor-element-1988a06 elementor-widget elementor-widget-image\" data-id=\"1988a06\" data-element_type=\"widget\" data-widget_type=\"image.default\">\n\t\t\t\t<div class=\"elementor-widget-container\">\n\t\t\t\t\t\t\t\t\t\t\t\t<figure class=\"wp-caption\">\n\t\t\t\t\t\t\t\t\t\t<img loading=\"lazy\" decoding=\"async\" width=\"411\" height=\"413\" src=\"https:\/\/unifoximoveis.com.br\/wp-content\/uploads\/2021\/09\/rogerio_corretor.jpg\" class=\"attachment-large size-large\" alt=\"\" srcset=\"https:\/\/unifoximoveis.com.br\/wp-content\/uploads\/2021\/09\/rogerio_corretor.jpg 411w, https:\/\/unifoximoveis.com.br\/wp-content\/uploads\/2021\/09\/rogerio_corretor-300x300.jpg 300w, https:\/\/unifoximoveis.com.br\/wp-content\/uploads\/2021\/09\/rogerio_corretor-150x150.jpg 150w, https:\/\/unifoximoveis.com.br\/wp-content\/uploads\/2021\/09\/rogerio_corretor-120x120.jpg 120w, https:\/\/unifoximoveis.com.br\/wp-content\/uploads\/2021\/09\/rogerio_corretor-45x45.jpg 45w, https:\/\/unifoximoveis.com.br\/wp-content\/uploads\/2021\/09\/rogerio_corretor-36x36.jpg 36w\" sizes=\"(max-width: 411px) 100vw, 411px\" \/>\t\t\t\t\t\t\t\t\t\t\t<figcaption class=\"widget-image-caption wp-caption-text\">Rog\u00e9rio Maciel - Corretor Aut\u00f4nomo <\/br> CRECI 64464<\/figcaption>\n\t\t\t\t\t\t\t\t\t\t<\/figure>\n\t\t\t\t\t\t\t\t\t<\/div>\n\t\t\t\t<\/div>\n\t\t\t\t\t<\/div>\n\t\t<\/div>\n\t\t\t\t<div class=\"elementor-column elementor-col-50 elementor-top-column elementor-element elementor-element-e6d8503\" data-id=\"e6d8503\" data-element_type=\"column\">\n\t\t\t<div class=\"elementor-widget-wrap elementor-element-populated\">\n\t\t\t\t\t\t\t\t<div class=\"elementor-element elementor-element-06c375b elementor-widget elementor-widget-image\" data-id=\"06c375b\" data-element_type=\"widget\" data-widget_type=\"image.default\">\n\t\t\t\t<div class=\"elementor-widget-container\">\n\t\t\t\t\t\t\t\t\t\t\t\t<figure class=\"wp-caption\">\n\t\t\t\t\t\t\t\t\t\t<img loading=\"lazy\" decoding=\"async\" width=\"608\" height=\"604\" src=\"https:\/\/unifoximoveis.com.br\/wp-content\/uploads\/2021\/09\/luisa.jpg\" class=\"attachment-large size-large\" alt=\"\" srcset=\"https:\/\/unifoximoveis.com.br\/wp-content\/uploads\/2021\/09\/luisa.jpg 608w, https:\/\/unifoximoveis.com.br\/wp-content\/uploads\/2021\/09\/luisa-300x298.jpg 300w, https:\/\/unifoximoveis.com.br\/wp-content\/uploads\/2021\/09\/luisa-150x150.jpg 150w, https:\/\/unifoximoveis.com.br\/wp-content\/uploads\/2021\/09\/luisa-120x120.jpg 120w, https:\/\/unifoximoveis.com.br\/wp-content\/uploads\/2021\/09\/luisa-45x45.jpg 45w, https:\/\/unifoximoveis.com.br\/wp-content\/uploads\/2021\/09\/luisa-36x36.jpg 36w\" sizes=\"(max-width: 608px) 100vw, 608px\" \/>\t\t\t\t\t\t\t\t\t\t\t<figcaption class=\"widget-image-caption wp-caption-text\">Luisa Cardoso <\/br>  Departamento Administrativo<\/figcaption>\n\t\t\t\t\t\t\t\t\t\t<\/figure>\n\t\t\t\t\t\t\t\t\t<\/div>\n\t\t\t\t<\/div>\n\t\t\t\t\t<\/div>\n\t\t<\/div>\n\t\t\t\t\t\t\t<\/div>\n\t\t<\/section>\n\t\t\t\t<section class=\"elementor-section elementor-top-section elementor-element elementor-element-02954cf elementor-section-boxed elementor-section-height-default elementor-section-height-default elementor-invisible\" data-id=\"02954cf\" data-element_type=\"section\" data-settings=\"{&quot;animation&quot;:&quot;slideInLeft&quot;}\">\n\t\t\t\t\t\t<div class=\"elementor-container elementor-column-gap-default\">\n\t\t\t\t\t<div class=\"elementor-column elementor-col-50 elementor-top-column elementor-element elementor-element-def5781\" data-id=\"def5781\" data-element_type=\"column\">\n\t\t\t<div class=\"elementor-widget-wrap elementor-element-populated\">\n\t\t\t\t\t\t\t\t<div class=\"elementor-element elementor-element-feac2af elementor-widget elementor-widget-image\" data-id=\"feac2af\" data-element_type=\"widget\" data-widget_type=\"image.default\">\n\t\t\t\t<div class=\"elementor-widget-container\">\n\t\t\t\t\t\t\t\t\t\t\t\t<figure class=\"wp-caption\">\n\t\t\t\t\t\t\t\t\t\t<img loading=\"lazy\" decoding=\"async\" width=\"1024\" height=\"768\" src=\"https:\/\/unifoximoveis.com.br\/wp-content\/uploads\/2022\/02\/laura_22.jpg\" class=\"attachment-large size-large\" alt=\"\" srcset=\"https:\/\/unifoximoveis.com.br\/wp-content\/uploads\/2022\/02\/laura_22.jpg 1024w, https:\/\/unifoximoveis.com.br\/wp-content\/uploads\/2022\/02\/laura_22-300x225.jpg 300w, https:\/\/unifoximoveis.com.br\/wp-content\/uploads\/2022\/02\/laura_22-768x576.jpg 768w\" sizes=\"(max-width: 1024px) 100vw, 1024px\" \/>\t\t\t\t\t\t\t\t\t\t\t<figcaption class=\"widget-image-caption wp-caption-text\">Laura Cardoso <\/br>  Departamento de Loca\u00e7\u00e3o<\/figcaption>\n\t\t\t\t\t\t\t\t\t\t<\/figure>\n\t\t\t\t\t\t\t\t\t<\/div>\n\t\t\t\t<\/div>\n\t\t\t\t\t<\/div>\n\t\t<\/div>\n\t\t\t\t<div class=\"elementor-column elementor-col-50 elementor-top-column elementor-element elementor-element-809a84b\" data-id=\"809a84b\" data-element_type=\"column\">\n\t\t\t<div class=\"elementor-widget-wrap\">\n\t\t\t\t\t\t\t\t\t<\/div>\n\t\t<\/div>\n\t\t\t\t\t\t\t<\/div>\n\t\t<\/section>\n\t\t\t\t\t\t<\/div>\n\t\t\t\t\t<\/div>\n\t\t","protected":false},"excerpt":{"rendered":"<p>Rog\u00e9rio Cardoso &#8211; Diretor CRECI &#8211; RS 15.824 &#8211; CNAI 34888 Elias Flores \u2013 Diretor CRECI -RS 53.515 &#8211; OAB-RS 22.047 Rog\u00e9rio Maciel &#8211; Corretor Aut\u00f4nomo CRECI 64464 Luisa Cardoso Departamento Administrativo Laura Cardoso Departamento de Loca\u00e7\u00e3o<\/p>\n","protected":false},"author":1,"featured_media":0,"parent":0,"menu_order":0,"comment_status":"closed","ping_status":"closed","template":"","meta":{"footnotes":""},"_links":{"self":[{"href":"https:\/\/unifoximoveis.com.br\/index.php?rest_route=\/wp\/v2\/pages\/21550"}],"collection":[{"href":"https:\/\/unifoximoveis.com.br\/index.php?rest_route=\/wp\/v2\/pages"}],"about":[{"href":"https:\/\/unifoximoveis.com.br\/index.php?rest_route=\/wp\/v2\/types\/page"}],"author":[{"embeddable":true,"href":"https:\/\/unifoximoveis.com.br\/index.php?rest_route=\/wp\/v2\/users\/1"}],"replies":[{"embeddable":true,"href":"https:\/\/unifoximoveis.com.br\/index.php?rest_route=%2Fwp%2Fv2%2Fcomments&post=21550"}],"version-history":[{"count":34,"href":"https:\/\/unifoximoveis.com.br\/index.php?rest_route=\/wp\/v2\/pages\/21550\/revisions"}],"predecessor-version":[{"id":21972,"href":"https:\/\/unifoximoveis.com.br\/index.php?rest_route=\/wp\/v2\/pages\/21550\/revisions\/21972"}],"wp:attachment":[{"href":"https:\/\/unifoximoveis.com.br\/index.php?rest_route=%2Fwp%2Fv2%2Fmedia&parent=21550"}],"curies":[{"name":"wp","href":"https:\/\/api.w.org\/{rel}","templated":true}]}}