{"id":18502,"date":"2018-02-27T08:58:47","date_gmt":"2018-02-27T11:58:47","guid":{"rendered":"https:\/\/unifoximoveis.com.br\/?page_id=18502"},"modified":"2022-06-08T15:49:15","modified_gmt":"2022-06-08T18:49:15","slug":"servicos","status":"publish","type":"page","link":"https:\/\/unifoximoveis.com.br\/?page_id=18502","title":{"rendered":"Servi\u00e7os"},"content":{"rendered":"<p><span style=\"font-size: 18pt; color: #ff6600;\"><strong>Servi\u00e7os<\/strong><\/span><\/p>\n<hr \/>\n<p><span style=\"font-size: 14pt; color: #000000;\">Prestamos uma gama completa de servi\u00e7os ligados ao mercado imobili\u00e1rio e empresarial.<\/span><br \/>\n<span style=\"font-size: 14pt; color: #000000;\"> Procuramos oferecer a melhor solu\u00e7\u00e3o em cada categoria.<\/span><\/p>\n<p><span style=\"font-size: 14pt; color: #000000;\">&#8211; Administra\u00e7\u00e3o de Im\u00f3veis<\/span><\/p>\n<p><span style=\"font-size: 14pt; color: #000000;\">&#8211; Loca\u00e7\u00f5es<\/span><\/p>\n<p><span style=\"font-size: 14pt; color: #000000;\">&#8211; Administra\u00e7\u00e3o de Condom\u00ednios<\/span><\/p>\n<p><span style=\"font-size: 14pt; color: #000000;\">&#8211; Avalia\u00e7\u00f5es<\/span><\/p>\n<p><span style=\"font-size: 14pt; color: #000000;\">&#8211; Vendas<\/span><\/p>\n<p><span style=\"font-size: 14pt; color: #000000;\">&#8211; Regulariza\u00e7\u00e3o de Im\u00f3veis<\/span><\/p>\n<p><span style=\"font-size: 14pt; color: #000000;\">&#8211; Consultoria Imobili\u00e1ria<\/span><\/p>\n<p><span style=\"font-size: 14pt; color: #000000;\">&#8211; Acompanhamento e Assessoria em Transa\u00e7\u00f5es Imobili\u00e1ria<\/span><\/p>\n<p><span style=\"font-size: 14pt; color: #000000;\">&#8211; Seguros<\/span><\/p>\n<p><span style=\"font-size: 14pt; color: #000000;\">&#8211; Administra\u00e7\u00e3o em Carteira de Cobran\u00e7a<\/span><\/p>\n<p><span style=\"font-size: 14pt; color: #000000;\">&#8211; Consultoria Empresarial<\/span><\/p>\n<p><span style=\"font-size: 18pt; color: #ff6600;\"><strong>\u00c1rea Ambiental<\/strong><\/span><\/p>\n<p><span style=\"font-size: 14pt; color: #000000;\">&#8211; Assessoria Ambiental;<\/span><\/p>\n<p><span style=\"font-size: 14pt; color: #000000;\">&#8211; Licenciamento Ambiental;<\/span><\/p>\n<p><span style=\"font-size: 14pt; color: #000000;\">&#8211; Renova\u00e7\u00e3o de Licen\u00e7as;<\/span><\/p>\n<p><span style=\"font-size: 14pt; color: #000000;\">&#8211; Regulariza\u00e7\u00e3o D.N.P.M \/ A.N.M<\/span><\/p>\n<p><span style=\"font-size: 14pt; color: #000000;\">&#8211; Estudo de Viabilidades Ambientais;<\/span><\/p>\n<p><span style=\"font-size: 14pt; color: #000000;\">&#8211; Resolu\u00e7\u00e3o de \u00c1reas com Passivo Ambiental; <\/span><\/p>\n<p><span style=\"font-size: 14pt; color: #000000;\">&#8211; An\u00e1lise de Recursos Naturais;<\/span><\/p>\n","protected":false},"excerpt":{"rendered":"<p>Servi\u00e7os Prestamos uma gama completa de servi\u00e7os ligados ao mercado imobili\u00e1rio e empresarial. Procuramos oferecer a melhor solu\u00e7\u00e3o em cada categoria. &#8211; Administra\u00e7\u00e3o de Im\u00f3veis &#8211; Loca\u00e7\u00f5es &#8211; Administra\u00e7\u00e3o de Condom\u00ednios &#8211; Avalia\u00e7\u00f5es &#8211; Vendas &#8211; Regulariza\u00e7\u00e3o de Im\u00f3veis &#8211; Consultoria Imobili\u00e1ria &#8211; Acompanhamento e Assessoria em Transa\u00e7\u00f5es Imobili\u00e1ria &#8211; Seguros &#8211; Administra\u00e7\u00e3o em Carteira de Cobran\u00e7a &#8211; Consultoria Empresarial \u00c1rea Ambiental &#8211; Assessoria &#8230;<\/p>\n","protected":false},"author":1,"featured_media":0,"parent":0,"menu_order":0,"comment_status":"closed","ping_status":"closed","template":"contact_page.php","meta":{"footnotes":""},"_links":{"self":[{"href":"https:\/\/unifoximoveis.com.br\/index.php?rest_route=\/wp\/v2\/pages\/18502"}],"collection":[{"href":"https:\/\/unifoximoveis.com.br\/index.php?rest_route=\/wp\/v2\/pages"}],"about":[{"href":"https:\/\/unifoximoveis.com.br\/index.php?rest_route=\/wp\/v2\/types\/page"}],"author":[{"embeddable":true,"href":"https:\/\/unifoximoveis.com.br\/index.php?rest_route=\/wp\/v2\/users\/1"}],"replies":[{"embeddable":true,"href":"https:\/\/unifoximoveis.com.br\/index.php?rest_route=%2Fwp%2Fv2%2Fcomments&post=18502"}],"version-history":[{"count":14,"href":"https:\/\/unifoximoveis.com.br\/index.php?rest_route=\/wp\/v2\/pages\/18502\/revisions"}],"predecessor-version":[{"id":23399,"href":"https:\/\/unifoximoveis.com.br\/index.php?rest_route=\/wp\/v2\/pages\/18502\/revisions\/23399"}],"wp:attachment":[{"href":"https:\/\/unifoximoveis.com.br\/index.php?rest_route=%2Fwp%2Fv2%2Fmedia&parent=18502"}],"curies":[{"name":"wp","href":"https:\/\/api.w.org\/{rel}","templated":true}]}}