{"id":18300,"date":"2017-10-27T14:00:49","date_gmt":"2017-10-27T16:00:49","guid":{"rendered":"https:\/\/unifoximoveis.com.br\/?page_id=18300"},"modified":"2021-04-21T22:55:41","modified_gmt":"2021-04-22T01:55:41","slug":"sobre","status":"publish","type":"page","link":"https:\/\/unifoximoveis.com.br\/?page_id=18300","title":{"rendered":"Sobre"},"content":{"rendered":"<p><span style=\"font-size: 18pt; color: #ff6600;\"><strong>Sobre n\u00f3s<\/strong><\/span><\/p>\n<hr>\n<p><span style=\"font-size: 14pt; color: #000000;\"><strong><u>Miss\u00e3o<\/u><\/strong><\/span><\/p>\n<p class=\"p1\"><span style=\"font-size: 14pt; color: #000000;\">Ser refer\u00eancia em gest\u00e3o imobili\u00e1ria com \u00e9tica, transpar\u00eancia e agilidade, disponibilizando produtos e servi\u00e7os que superem as expectativas de nossos clientes, a fim de que efetivem neg\u00f3cios s\u00f3lidos e confi\u00e1veis.<\/span><\/p>\n<p>&nbsp;<\/p>\n<p>&nbsp;<\/p>\n<p>&nbsp;<\/p>\n<p><span style=\"font-size: 14pt; color: #000000;\"><strong><u>Vis\u00e3o<\/u><\/strong><\/span><\/p>\n<p class=\"p1\"><span style=\"font-size: 14pt; color: #000000;\">Atuar no ramo imobili\u00e1rio com excel\u00eancia nos servi\u00e7os prestados, objetivando manter e refor\u00e7ar, a cada transa\u00e7\u00e3o, a tradi\u00e7\u00e3o e a credibilidade conquistadas ao longo do tempo de atua\u00e7\u00e3o no mercado, garantindo credibilidade e crescimento constante.<\/span><\/p>\n<p>&nbsp;<\/p>\n<p>&nbsp;<\/p>\n<p><span style=\"font-size: 14pt; color: #000000;\"><strong><u>Valores<\/u><\/strong><\/span><\/p>\n<p class=\"p1\"><span style=\"font-size: 14pt; color: #000000;\">Respeitar clientes, parceiros e funcion\u00e1rios.<\/span><\/p>\n<p class=\"p1\"><span style=\"font-size: 14pt; color: #000000;\">Agir sempre com transpar\u00eancia, seriedade e honestidade.<\/span><\/p>\n<p class=\"p1\"><span style=\"font-size: 14pt; color: #000000;\">Atuar com \u00e9tica, profissionalismo, integridade, comprometimento e valoriza\u00e7\u00e3o humana.<\/span><\/p>\n<p class=\"p1\"><span style=\"font-size: 14pt; color: #000000;\">Executar solu\u00e7\u00f5es inovadoras e eficientes para a concretiza\u00e7\u00e3o de bons neg\u00f3cios.<\/span><\/p>\n<p class=\"p1\"><span style=\"font-size: 14pt; color: #000000;\">Trabalhar com foco total na satisfa\u00e7\u00e3o plena dos clientes.<\/span><\/p>\n<p class=\"p1\"><span style=\"font-size: 14pt; color: #000000;\">Buscar a excel\u00eancia nos servi\u00e7os prestados.<\/span><\/p>\n<p class=\"p1\"><span style=\"font-size: 14pt; color: #000000;\">Evidenciar a uni\u00e3o em todas as rela\u00e7\u00f5es.<\/span><\/p>\n<p>&nbsp;<\/p>\n<p>&nbsp;<\/p>\n<p><span style=\"font-size: 14pt; color: #000000;\"><strong><u>Como atingiremos<\/u><\/strong><\/span><\/p>\n<p class=\"p1\"><span style=\"font-size: 14pt; color: #000000;\">Propagando nossa <b>vis\u00e3o<\/b>, cumprindo nossa <b>miss\u00e3o<\/b> e trabalhando nossos <b>valores<\/b>, com todos os colaboradores, parceiros e clientes.<\/span><\/p>\n<p>&nbsp;<\/p>\n","protected":false},"excerpt":{"rendered":"<p>Sobre n\u00f3s Miss\u00e3o Ser refer\u00eancia em gest\u00e3o imobili\u00e1ria com \u00e9tica, transpar\u00eancia e agilidade, disponibilizando produtos e servi\u00e7os que superem as expectativas de nossos clientes, a fim de que efetivem neg\u00f3cios s\u00f3lidos e confi\u00e1veis. &nbsp; &nbsp; &nbsp; Vis\u00e3o Atuar no ramo imobili\u00e1rio com excel\u00eancia nos servi\u00e7os prestados, objetivando manter e refor\u00e7ar, a cada transa\u00e7\u00e3o, a tradi\u00e7\u00e3o e a credibilidade conquistadas ao longo do tempo de &#8230;<\/p>\n","protected":false},"author":1,"featured_media":0,"parent":0,"menu_order":0,"comment_status":"closed","ping_status":"closed","template":"contact_page.php","meta":{"footnotes":""},"_links":{"self":[{"href":"https:\/\/unifoximoveis.com.br\/index.php?rest_route=\/wp\/v2\/pages\/18300"}],"collection":[{"href":"https:\/\/unifoximoveis.com.br\/index.php?rest_route=\/wp\/v2\/pages"}],"about":[{"href":"https:\/\/unifoximoveis.com.br\/index.php?rest_route=\/wp\/v2\/types\/page"}],"author":[{"embeddable":true,"href":"https:\/\/unifoximoveis.com.br\/index.php?rest_route=\/wp\/v2\/users\/1"}],"replies":[{"embeddable":true,"href":"https:\/\/unifoximoveis.com.br\/index.php?rest_route=%2Fwp%2Fv2%2Fcomments&post=18300"}],"version-history":[{"count":26,"href":"https:\/\/unifoximoveis.com.br\/index.php?rest_route=\/wp\/v2\/pages\/18300\/revisions"}],"predecessor-version":[{"id":19358,"href":"https:\/\/unifoximoveis.com.br\/index.php?rest_route=\/wp\/v2\/pages\/18300\/revisions\/19358"}],"wp:attachment":[{"href":"https:\/\/unifoximoveis.com.br\/index.php?rest_route=%2Fwp%2Fv2%2Fmedia&parent=18300"}],"curies":[{"name":"wp","href":"https:\/\/api.w.org\/{rel}","templated":true}]}}