{"id":18275,"date":"2017-10-27T11:53:52","date_gmt":"2017-10-27T13:53:52","guid":{"rendered":"https:\/\/unifoximoveis.com.br\/?page_id=18275"},"modified":"2022-04-22T09:28:22","modified_gmt":"2022-04-22T12:28:22","slug":"documentacao-para-locacao","status":"publish","type":"page","link":"https:\/\/unifoximoveis.com.br\/?page_id=18275","title":{"rendered":"Documenta\u00e7\u00e3o para download"},"content":{"rendered":"\t\t<div data-elementor-type=\"wp-page\" data-elementor-id=\"18275\" class=\"elementor elementor-18275\" data-elementor-settings=\"[]\">\n\t\t\t\t\t\t\t<div class=\"elementor-section-wrap\">\n\t\t\t\t\t\t\t<section class=\"elementor-section elementor-top-section elementor-element elementor-element-482befd elementor-section-boxed elementor-section-height-default elementor-section-height-default\" data-id=\"482befd\" data-element_type=\"section\">\n\t\t\t\t\t\t<div class=\"elementor-container elementor-column-gap-default\">\n\t\t\t\t\t<div class=\"elementor-column elementor-col-100 elementor-top-column elementor-element elementor-element-46e0a3dc\" data-id=\"46e0a3dc\" data-element_type=\"column\">\n\t\t\t<div class=\"elementor-widget-wrap elementor-element-populated\">\n\t\t\t\t\t\t\t\t<div class=\"elementor-element elementor-element-1c3bbdec elementor-widget elementor-widget-text-editor\" data-id=\"1c3bbdec\" data-element_type=\"widget\" data-widget_type=\"text-editor.default\">\n\t\t\t\t<div class=\"elementor-widget-container\">\n\t\t\t\t\t\t\t\t<p><span style=\"font-size: 18pt; color: #ff6600;\"><strong>Documenta\u00e7\u00e3o para download<\/strong><\/span><\/p><hr \/><p><span style=\"color: #000000;\">Segue abaixo os <\/span><span style=\"color: #000000;\">documentos para download:<\/span><\/p><div style=\"height: 50px; width: 100%; float: left; background-color: #f2f2f2; color: #00000; vertical-align: middle; display: table-cell; padding-left: 10px; padding-right: 10px; padding-top: 10px; margin: 0px 0px 10px 0px;\"><a href=\"https:\/\/unifoximoveis.com.br\/wp-content\/uploads\/2022\/04\/AUTORIZACAO-DE-VENDA-DE-IMOVEL.pdf\" target=\"_new\" rel=\"noopener\"><img decoding=\"async\" style=\"width: 31 px; height: 31px;\" src=\"https:\/\/unifoximoveis.com.br\/wp-content\/uploads\/2017\/10\/links-anexo.png\" alt=\"\" \/> <span style=\"color: #000000;\">AUTORIZA\u00c7\u00c3O DE VENDA DO IM\u00d3VEL<\/span><\/a><\/div><div style=\"height: 50px; width: 100%; float: left; background-color: #f2f2f2; color: #00000; vertical-align: middle; display: table-cell; padding-left: 10px; padding-right: 10px; padding-top: 10px; margin: 0px 0px 10px 0px;\"><span style=\"color: #000000;\"><a style=\"color: #000000;\" href=\"https:\/\/unifoximoveis.com.br\/wp-content\/uploads\/2022\/04\/AUTORIZACAO-PARA-RECEBIMENTO.pdf\" target=\"_new\" rel=\"noopener\"><img decoding=\"async\" style=\"width: 31 px; height: 31px;\" src=\"https:\/\/unifoximoveis.com.br\/wp-content\/uploads\/2017\/10\/links-anexo.png\" alt=\"\" \/> \u00a0AUTORIZA\u00c7\u00c3O PARA RECEBIMENTO\u00a0<\/a><\/span><\/div><div style=\"height: 50px; width: 100%; float: left; background-color: #f2f2f2; color: #00000; vertical-align: middle; display: table-cell; padding-left: 10px; padding-right: 10px; padding-top: 10px; margin: 0px 0px 10px 0px;\"><span style=\"color: #000000;\"><a style=\"color: #000000;\" href=\"https:\/\/unifoximoveis.com.br\/wp-content\/uploads\/2022\/04\/AUTORIZACAO-PARA-REFORMA.pdf\" rel=\"noopener\"><img decoding=\"async\" style=\"width: 31 px; height: 31px;\" src=\"https:\/\/unifoximoveis.com.br\/wp-content\/uploads\/2017\/10\/links-anexo.png\" alt=\"\" \/> \u00a0AUTORIZA\u00c7\u00c3O PARA REFORMAS\u00a0<\/a><\/span><\/div><div style=\"height: 50px; width: 100%; float: left; background-color: #f2f2f2; color: #00000; vertical-align: middle; display: table-cell; padding-left: 10px; padding-right: 10px; padding-top: 10px; margin: 0px 0px 10px 0px;\"><span style=\"color: #000000;\"><a style=\"color: #000000;\" href=\"https:\/\/unifoximoveis.com.br\/wp-content\/uploads\/2022\/04\/AVISO-DE-DESOCUPACAO-DE-IMOVEL-LOCADO.pdf\" target=\"_new\" rel=\"noopener\"><img decoding=\"async\" style=\"width: 31 px; height: 31px;\" src=\"https:\/\/unifoximoveis.com.br\/wp-content\/uploads\/2017\/10\/links-anexo.png\" alt=\"\" \/> \u00a0AVISO DE DESOCUPA\u00c7\u00c3O DO IM\u00d3VEL LOCADO<\/a><\/span><\/div><div style=\"height: 50px; width: 100%; float: left; background-color: #f2f2f2; color: #00000; vertical-align: middle; display: table-cell; padding-left: 10px; padding-right: 10px; padding-top: 10px; margin: 0px 0px 10px 0px;\"><span style=\"color: #000000;\"><a style=\"color: #000000;\" href=\"https:\/\/unifoximoveis.com.br\/wp-content\/uploads\/2022\/04\/DOCUMENTACAO-PARA-AQUISICAO-DE-IMOVEL.pdf\" target=\"_new\" rel=\"noopener\"><img decoding=\"async\" style=\"width: 31 px; height: 31px;\" src=\"https:\/\/unifoximoveis.com.br\/wp-content\/uploads\/2017\/10\/links-anexo.png\" alt=\"\" \/> \u00a0AVISO PARA DESOCUPA\u00c7\u00c3O &#8211; PROPRIET\u00c1RIO<\/a><\/span><\/div><div style=\"height: 50px; width: 100%; float: left; background-color: #f2f2f2; color: #00000; vertical-align: middle; display: table-cell; padding-left: 10px; padding-right: 10px; padding-top: 10px; margin: 0px 0px 10px 0px;\"><span style=\"color: #000000;\"><a style=\"color: #000000;\" href=\"https:\/\/unifoximoveis.com.br\/wp-content\/uploads\/2022\/04\/FICHA-CADASTRAL-PESSOA-FISICA.pdf\" target=\"_new\" rel=\"noopener\"><img decoding=\"async\" style=\"width: 31 px; height: 31px;\" src=\"https:\/\/unifoximoveis.com.br\/wp-content\/uploads\/2017\/10\/links-anexo.png\" alt=\"\" \/>\u00a0 \u00a0DECLARA\u00c7\u00c3O DE ISEN\u00c7\u00c3O DE IPTU<\/a><\/span><\/div><div style=\"height: 50px; width: 100%; float: left; background-color: #f2f2f2; color: #00000; vertical-align: middle; display: table-cell; padding-left: 10px; padding-right: 10px; padding-top: 10px; margin: 0px 0px 10px 0px;\"><span style=\"color: #000000;\"><span style=\"color: #000000;\"><a style=\"color: #000000;\" href=\"https:\/\/unifoximoveis.com.br\/wp-content\/uploads\/2022\/04\/DOCUMENTACAO-NECESSARIA-PARA-ADMINISTRACAO-DO-IMOVEL-PROPRIETARIO.pdf\" target=\"_new\" rel=\"noopener\"><img decoding=\"async\" style=\"width: 31 px; height: 31px;\" src=\"https:\/\/unifoximoveis.com.br\/wp-content\/uploads\/2017\/10\/links-anexo.png\" alt=\"\" \/>\u00a0 \u00a0DOCUMENTOS NECESS\u00c1RIOS PARA AQUISI\u00c7\u00c3O DO IM\u00d3VEL &#8211; PROPRIET\u00c1RIO<\/a><\/span><\/span><\/div><div style=\"height: 50px; width: 100%; float: left; background-color: #f2f2f2; color: #00000; vertical-align: middle; display: table-cell; padding-left: 10px; padding-right: 10px; padding-top: 10px; margin: 0px 0px 10px 0px;\"><span style=\"color: #000000;\"><a style=\"color: #000000;\" href=\"https:\/\/unifoximoveis.com.br\/wp-content\/uploads\/2022\/04\/DOCUMENTACAO-NECESSARIA-PARA-LOCACAO-1.pdf\" target=\"_new\" rel=\"noopener\"><img decoding=\"async\" style=\"width: 31 px; height: 31px;\" src=\"https:\/\/unifoximoveis.com.br\/wp-content\/uploads\/2017\/10\/links-anexo.png\" alt=\"\" \/>\u00a0 \u00a0DOCUMENTA\u00c7\u00c3O NECESS\u00c1RIA PARA LOCA\u00c7\u00c3O<\/a><\/span><\/div><div style=\"height: 50px; width: 100%; float: left; background-color: #f2f2f2; color: #00000; vertical-align: middle; display: table-cell; padding-left: 10px; padding-right: 10px; padding-top: 10px; margin: 0px 0px 10px 0px;\"><span style=\"color: #000000;\"><a style=\"color: #000000;\" href=\"https:\/\/unifoximoveis.com.br\/wp-content\/uploads\/2022\/04\/DOCUMENTACAO-PARA-AQUISICAO-DE-IMOVEL.pdf\" target=\"_new\" rel=\"noopener\"><img decoding=\"async\" style=\"width: 31 px; height: 31px;\" src=\"https:\/\/unifoximoveis.com.br\/wp-content\/uploads\/2017\/10\/links-anexo.png\" alt=\"\" \/>\u00a0 DOCUMENTA\u00c7\u00c3O PARA AQUISI\u00c7\u00c3O IM\u00d3VEL<\/a><\/span><\/div><div style=\"height: 50px; width: 100%; float: left; background-color: #f2f2f2; color: #00000; vertical-align: middle; display: table-cell; padding-left: 10px; padding-right: 10px; padding-top: 10px; margin: 0px 0px 10px 0px;\"><span style=\"color: #000000;\"><a style=\"color: #000000;\" href=\"https:\/\/unifoximoveis.com.br\/wp-content\/uploads\/2022\/04\/FICHA-CADASTRAL-PESSOA-FISICA.pdf\" target=\"_new\" rel=\"noopener\"><img decoding=\"async\" style=\"width: 31 px; height: 31px;\" src=\"https:\/\/unifoximoveis.com.br\/wp-content\/uploads\/2017\/10\/links-anexo.png\" alt=\"\" \/>\u00a0 FICHA CADASTRAL &#8211; PESSOA F\u00cdSICA\u00a0<\/a><\/span><\/div><div style=\"height: 50px; width: 100%; float: left; background-color: #f2f2f2; color: #00000; vertical-align: middle; display: table-cell; padding-left: 10px; padding-right: 10px; padding-top: 10px; margin: 0px 0px 10px 0px;\"><span style=\"color: #000000;\"><a style=\"color: #000000;\" href=\"https:\/\/unifoximoveis.com.br\/wp-content\/uploads\/2022\/04\/FICHA-CADASTRAL-PESSOA-JURIDICA-1.pdf\" target=\"_new\" rel=\"noopener\"><img decoding=\"async\" style=\"width: 31 px; height: 31px;\" src=\"https:\/\/unifoximoveis.com.br\/wp-content\/uploads\/2017\/10\/links-anexo.png\" alt=\"\" \/>\u00a0 FICHA CADASTRAL PESSOA JUR\u00cdDICA<\/a><\/span><\/div><div style=\"height: 50px; width: 100%; float: left; background-color: #f2f2f2; color: #00000; vertical-align: middle; display: table-cell; padding-left: 10px; padding-right: 10px; padding-top: 10px; margin: 0px 0px 10px 0px;\"><span style=\"color: #000000;\"><a style=\"color: #000000;\" href=\"https:\/\/unifoximoveis.com.br\/wp-content\/uploads\/2022\/04\/PROCEDIMENTO-PARA-DESOCUPAR-O-IMOVEL.pdf\" target=\"_new\" rel=\"noopener\"><img decoding=\"async\" style=\"width: 31 px; height: 31px;\" src=\"https:\/\/unifoximoveis.com.br\/wp-content\/uploads\/2017\/10\/links-anexo.png\" alt=\"\" \/>\u00a0 PROCEDIMENTO PARA DESOCUPAR O IM\u00d3VEL<\/a><\/span><\/div><div style=\"height: 50px; width: 100%; float: left; background-color: #f2f2f2; color: #00000; vertical-align: middle; display: table-cell; padding-left: 10px; padding-right: 10px; padding-top: 10px; margin: 0px 0px 10px 0px;\"><span style=\"color: #000000;\"><a style=\"color: #000000;\" href=\"https:\/\/unifoximoveis.com.br\/wp-content\/uploads\/2022\/04\/PROPOSTA-DE-COMPRA-E-VENDA-DE-IMOVEL.pdf\" target=\"_new\" rel=\"noopener\"><img decoding=\"async\" class=\"\" style=\"width: 31 px; height: 31px;\" src=\"https:\/\/unifoximoveis.com.br\/wp-content\/uploads\/2017\/10\/links-anexo.png\" alt=\"\" \/>\u00a0 PROPOSTA DE COMPRA E VENDA DE IM\u00d3VEL<\/a><\/span><\/div><div>\u00a0<\/div>\t\t\t\t\t\t<\/div>\n\t\t\t\t<\/div>\n\t\t\t\t\t<\/div>\n\t\t<\/div>\n\t\t\t\t\t\t\t<\/div>\n\t\t<\/section>\n\t\t\t\t\t\t<\/div>\n\t\t\t\t\t<\/div>\n\t\t","protected":false},"excerpt":{"rendered":"<p>Documenta\u00e7\u00e3o para download Segue abaixo os documentos para download: AUTORIZA\u00c7\u00c3O DE VENDA DO IM\u00d3VEL \u00a0AUTORIZA\u00c7\u00c3O PARA RECEBIMENTO\u00a0 \u00a0AUTORIZA\u00c7\u00c3O PARA REFORMAS\u00a0 \u00a0AVISO DE DESOCUPA\u00c7\u00c3O DO IM\u00d3VEL LOCADO \u00a0AVISO PARA DESOCUPA\u00c7\u00c3O &#8211; PROPRIET\u00c1RIO\u00a0 \u00a0DECLARA\u00c7\u00c3O DE ISEN\u00c7\u00c3O DE IPTU\u00a0 \u00a0DOCUMENTOS NECESS\u00c1RIOS PARA AQUISI\u00c7\u00c3O DO IM\u00d3VEL &#8211; PROPRIET\u00c1RIO\u00a0 \u00a0DOCUMENTA\u00c7\u00c3O NECESS\u00c1RIA PARA LOCA\u00c7\u00c3O\u00a0 DOCUMENTA\u00c7\u00c3O PARA AQUISI\u00c7\u00c3O IM\u00d3VEL\u00a0 FICHA CADASTRAL &#8211; PESSOA F\u00cdSICA\u00a0\u00a0 FICHA CADASTRAL PESSOA JUR\u00cdDICA\u00a0 PROCEDIMENTO PARA DESOCUPAR &#8230;<\/p>\n","protected":false},"author":1,"featured_media":0,"parent":0,"menu_order":0,"comment_status":"closed","ping_status":"closed","template":"contact_page.php","meta":{"footnotes":""},"_links":{"self":[{"href":"https:\/\/unifoximoveis.com.br\/index.php?rest_route=\/wp\/v2\/pages\/18275"}],"collection":[{"href":"https:\/\/unifoximoveis.com.br\/index.php?rest_route=\/wp\/v2\/pages"}],"about":[{"href":"https:\/\/unifoximoveis.com.br\/index.php?rest_route=\/wp\/v2\/types\/page"}],"author":[{"embeddable":true,"href":"https:\/\/unifoximoveis.com.br\/index.php?rest_route=\/wp\/v2\/users\/1"}],"replies":[{"embeddable":true,"href":"https:\/\/unifoximoveis.com.br\/index.php?rest_route=%2Fwp%2Fv2%2Fcomments&post=18275"}],"version-history":[{"count":59,"href":"https:\/\/unifoximoveis.com.br\/index.php?rest_route=\/wp\/v2\/pages\/18275\/revisions"}],"predecessor-version":[{"id":22957,"href":"https:\/\/unifoximoveis.com.br\/index.php?rest_route=\/wp\/v2\/pages\/18275\/revisions\/22957"}],"wp:attachment":[{"href":"https:\/\/unifoximoveis.com.br\/index.php?rest_route=%2Fwp%2Fv2%2Fmedia&parent=18275"}],"curies":[{"name":"wp","href":"https:\/\/api.w.org\/{rel}","templated":true}]}}